{"id":2078,"date":"2024-10-28T12:14:06","date_gmt":"2024-10-28T17:14:06","guid":{"rendered":"https:\/\/latam.cognita.network\/vermontmedellin-v2\/?page_id=2078"},"modified":"2025-10-23T15:31:09","modified_gmt":"2025-10-23T20:31:09","slug":"calendario-academico","status":"publish","type":"page","link":"https:\/\/cambridgecali.edu.co\/es\/calendario-academico\/","title":{"rendered":"Calendario acad\u00e9mico"},"content":{"rendered":"\t\t<div data-elementor-type=\"wp-page\" data-elementor-id=\"2078\" class=\"elementor elementor-2078\" data-elementor-post-type=\"page\">\n\t\t\t\t<div class=\"elementor-element elementor-element-53f096da e-con-full e-flex e-con e-child\" data-id=\"53f096da\" data-element_type=\"container\" data-e-type=\"container\">\n\t\t\t\t<div class=\"elementor-element elementor-element-7da198ac elementor-widget elementor-widget-image\" data-id=\"7da198ac\" data-element_type=\"widget\" data-e-type=\"widget\" data-widget_type=\"image.default\">\n\t\t\t\t<div class=\"elementor-widget-container\">\n\t\t\t\t\t\t\t\t\t\t\t\t\t\t\t<img decoding=\"async\" src=\"https:\/\/cambridgecali.edu.co\/wp-content\/uploads\/sites\/32\/2025\/02\/calendario.png?w=2048\" title=\"calendario\" alt=\"calendario\" loading=\"lazy\" \/>\t\t\t\t\t\t\t\t\t\t\t\t\t\t\t<\/div>\n\t\t\t\t<\/div>\n\t\t<div class=\"elementor-element elementor-element-febc48b e-flex e-con-boxed e-con e-child\" data-id=\"febc48b\" data-element_type=\"container\" data-e-type=\"container\">\n\t\t\t\t\t<div class=\"e-con-inner\">\n\t\t\t\t<div class=\"elementor-element elementor-element-8819d36 elementor-widget elementor-widget-button\" data-id=\"8819d36\" data-element_type=\"widget\" data-e-type=\"widget\" data-widget_type=\"button.default\">\n\t\t\t\t<div class=\"elementor-widget-container\">\n\t\t\t\t\t\t\t\t\t<div class=\"elementor-button-wrapper\">\n\t\t\t\t\t<a class=\"elementor-button elementor-button-link elementor-size-sm\" href=\"https:\/\/acrobat.adobe.com\/id\/urn:aaid:sc:US:72c5df32-f663-44c3-8cf7-831ac09fb7cc\" target=\"_blank\">\n\t\t\t\t\t\t<span class=\"elementor-button-content-wrapper\">\n\t\t\t\t\t\t<span class=\"elementor-button-icon\">\n\t\t\t\t<svg aria-hidden=\"true\" class=\"e-font-icon-svg e-far-calendar\" viewBox=\"0 0 448 512\" xmlns=\"http:\/\/www.w3.org\/2000\/svg\"><path d=\"M400 64h-48V12c0-6.6-5.4-12-12-12h-40c-6.6 0-12 5.4-12 12v52H160V12c0-6.6-5.4-12-12-12h-40c-6.6 0-12 5.4-12 12v52H48C21.5 64 0 85.5 0 112v352c0 26.5 21.5 48 48 48h352c26.5 0 48-21.5 48-48V112c0-26.5-21.5-48-48-48zm-6 400H54c-3.3 0-6-2.7-6-6V160h352v298c0 3.3-2.7 6-6 6z\"><\/path><\/svg>\t\t\t<\/span>\n\t\t\t\t\t\t\t\t\t<span class=\"elementor-button-text\">Descarga aqu\u00ed el Calendario Escolar 25-26<\/span>\n\t\t\t\t\t<\/span>\n\t\t\t\t\t<\/a>\n\t\t\t\t<\/div>\n\t\t\t\t\t\t\t\t<\/div>\n\t\t\t\t<\/div>\n\t\t\t\t\t<\/div>\n\t\t\t\t<\/div>\n\t\t\t\t<\/div>\n\t\t<div class=\"elementor-element elementor-element-7fd9b1e1 e-con-full e-flex e-con e-parent\" data-id=\"7fd9b1e1\" data-element_type=\"container\" data-e-type=\"container\" data-settings=\"{&quot;background_background&quot;:&quot;classic&quot;}\">\n\t\t<div class=\"elementor-element elementor-element-4f2c007 e-con-full e-flex e-con e-child\" data-id=\"4f2c007\" data-element_type=\"container\" data-e-type=\"container\">\n\t\t<div class=\"elementor-element elementor-element-6f1714c e-con-full e-flex e-con e-child\" data-id=\"6f1714c\" data-element_type=\"container\" data-e-type=\"container\">\n\t\t\t\t<div class=\"elementor-element elementor-element-d40903e elementor-widget elementor-widget-heading\" data-id=\"d40903e\" data-element_type=\"widget\" data-e-type=\"widget\" data-widget_type=\"heading.default\">\n\t\t\t\t<div class=\"elementor-widget-container\">\n\t\t\t\t\t<h2 class=\"elementor-heading-title elementor-size-default\">Siguientes pasos<\/h2>\t\t\t\t<\/div>\n\t\t\t\t<\/div>\n\t\t<div class=\"elementor-element elementor-element-998f404 e-flex e-con-boxed e-con e-child\" data-id=\"998f404\" data-element_type=\"container\" data-e-type=\"container\" data-settings=\"{&quot;background_background&quot;:&quot;classic&quot;}\">\n\t\t\t\t\t<div class=\"e-con-inner\">\n\t\t\t\t<div class=\"elementor-element elementor-element-290092c elementor-align-center elementor-widget__width-inherit elementor-widget elementor-widget-button\" data-id=\"290092c\" data-element_type=\"widget\" data-e-type=\"widget\" data-widget_type=\"button.default\">\n\t\t\t\t<div class=\"elementor-widget-container\">\n\t\t\t\t\t\t\t\t\t<div class=\"elementor-button-wrapper\">\n\t\t\t\t\t<a class=\"elementor-button elementor-button-link elementor-size-xl\" href=\"https:\/\/cambridgecali.edu.co\/es\/linea-amiga-pqrsf\/\">\n\t\t\t\t\t\t<span class=\"elementor-button-content-wrapper\">\n\t\t\t\t\t\t<span class=\"elementor-button-icon\">\n\t\t\t\t<svg aria-hidden=\"true\" class=\"e-font-icon-svg e-fas-hands-helping\" viewBox=\"0 0 640 512\" xmlns=\"http:\/\/www.w3.org\/2000\/svg\"><path d=\"M488 192H336v56c0 39.7-32.3 72-72 72s-72-32.3-72-72V126.4l-64.9 39C107.8 176.9 96 197.8 96 220.2v47.3l-80 46.2C.7 322.5-4.6 342.1 4.3 357.4l80 138.6c8.8 15.3 28.4 20.5 43.7 11.7L231.4 448H368c35.3 0 64-28.7 64-64h16c17.7 0 32-14.3 32-32v-64h8c13.3 0 24-10.7 24-24v-48c0-13.3-10.7-24-24-24zm147.7-37.4L555.7 16C546.9.7 527.3-4.5 512 4.3L408.6 64H306.4c-12 0-23.7 3.4-33.9 9.7L239 94.6c-9.4 5.8-15 16.1-15 27.1V248c0 22.1 17.9 40 40 40s40-17.9 40-40v-88h184c30.9 0 56 25.1 56 56v28.5l80-46.2c15.3-8.9 20.5-28.4 11.7-43.7z\"><\/path><\/svg>\t\t\t<\/span>\n\t\t\t\t\t\t\t\t\t<span class=\"elementor-button-text\">L\u00ednea Amiga Cambridge<\/span>\n\t\t\t\t\t<\/span>\n\t\t\t\t\t<\/a>\n\t\t\t\t<\/div>\n\t\t\t\t\t\t\t\t<\/div>\n\t\t\t\t<\/div>\n\t\t\t\t<div class=\"elementor-element elementor-element-631cd5a elementor-align-center elementor-widget__width-inherit elementor-widget elementor-widget-button\" data-id=\"631cd5a\" data-element_type=\"widget\" data-e-type=\"widget\" data-widget_type=\"button.default\">\n\t\t\t\t<div class=\"elementor-widget-container\">\n\t\t\t\t\t\t\t\t\t<div class=\"elementor-button-wrapper\">\n\t\t\t\t\t<a class=\"elementor-button elementor-button-link elementor-size-xl\" href=\"https:\/\/cambridgecali.edu.co\/es\/admisiones\/\">\n\t\t\t\t\t\t<span class=\"elementor-button-content-wrapper\">\n\t\t\t\t\t\t<span class=\"elementor-button-icon\">\n\t\t\t\t<svg aria-hidden=\"true\" class=\"e-font-icon-svg e-fas-user-check\" viewBox=\"0 0 640 512\" xmlns=\"http:\/\/www.w3.org\/2000\/svg\"><path d=\"M224 256c70.7 0 128-57.3 128-128S294.7 0 224 0 96 57.3 96 128s57.3 128 128 128zm89.6 32h-16.7c-22.2 10.2-46.9 16-72.9 16s-50.6-5.8-72.9-16h-16.7C60.2 288 0 348.2 0 422.4V464c0 26.5 21.5 48 48 48h352c26.5 0 48-21.5 48-48v-41.6c0-74.2-60.2-134.4-134.4-134.4zm323-128.4l-27.8-28.1c-4.6-4.7-12.1-4.7-16.8-.1l-104.8 104-45.5-45.8c-4.6-4.7-12.1-4.7-16.8-.1l-28.1 27.9c-4.7 4.6-4.7 12.1-.1 16.8l81.7 82.3c4.6 4.7 12.1 4.7 16.8.1l141.3-140.2c4.6-4.7 4.7-12.2.1-16.8z\"><\/path><\/svg>\t\t\t<\/span>\n\t\t\t\t\t\t\t\t\t<span class=\"elementor-button-text\">Admisiones<\/span>\n\t\t\t\t\t<\/span>\n\t\t\t\t\t<\/a>\n\t\t\t\t<\/div>\n\t\t\t\t\t\t\t\t<\/div>\n\t\t\t\t<\/div>\n\t\t\t\t<div class=\"elementor-element elementor-element-4460ce1 elementor-align-center elementor-widget__width-inherit elementor-widget elementor-widget-button\" data-id=\"4460ce1\" data-element_type=\"widget\" data-e-type=\"widget\" data-widget_type=\"button.default\">\n\t\t\t\t<div class=\"elementor-widget-container\">\n\t\t\t\t\t\t\t\t\t<div class=\"elementor-button-wrapper\">\n\t\t\t\t\t<a class=\"elementor-button elementor-button-link elementor-size-xl\" href=\"https:\/\/cambridgecali.edu.co\/es\/actividades-extracurriculares\/\">\n\t\t\t\t\t\t<span class=\"elementor-button-content-wrapper\">\n\t\t\t\t\t\t<span class=\"elementor-button-icon\">\n\t\t\t\t<svg aria-hidden=\"true\" class=\"e-font-icon-svg e-fas-theater-masks\" viewBox=\"0 0 640 512\" xmlns=\"http:\/\/www.w3.org\/2000\/svg\"><path d=\"M206.86 245.15c-35.88 10.45-59.95 41.2-57.53 74.1 11.4-12.72 28.81-23.7 49.9-30.92l7.63-43.18zM95.81 295L64.08 115.49c-.29-1.62.28-2.62.24-2.65 57.76-32.06 123.12-49.01 189.01-49.01 1.61 0 3.23.17 4.85.19 13.95-13.47 31.73-22.83 51.59-26 18.89-3.02 38.05-4.55 57.18-5.32-9.99-13.95-24.48-24.23-41.77-27C301.27 1.89 277.24 0 253.32 0 176.66 0 101.02 19.42 33.2 57.06 9.03 70.48-3.92 98.48 1.05 126.58l31.73 179.51c14.23 80.52 136.33 142.08 204.45 142.08 3.59 0 6.75-.46 10.01-.8-13.52-17.08-28.94-40.48-39.5-67.58-47.61-12.98-106.06-51.62-111.93-84.79zm97.55-137.46c-.73-4.12-2.23-7.87-4.07-11.4-8.25 8.91-20.67 15.75-35.32 18.32-14.65 2.58-28.67.4-39.48-5.17-.52 3.94-.64 7.98.09 12.1 3.84 21.7 24.58 36.19 46.34 32.37 21.75-3.82 36.28-24.52 32.44-46.22zM606.8 120.9c-88.98-49.38-191.43-67.41-291.98-51.35-27.31 4.36-49.08 26.26-54.04 54.36l-31.73 179.51c-15.39 87.05 95.28 196.27 158.31 207.35 63.03 11.09 204.47-53.79 219.86-140.84l31.73-179.51c4.97-28.11-7.98-56.11-32.15-69.52zm-273.24 96.8c3.84-21.7 24.58-36.19 46.34-32.36 21.76 3.83 36.28 24.52 32.45 46.22-.73 4.12-2.23 7.87-4.07 11.4-8.25-8.91-20.67-15.75-35.32-18.32-14.65-2.58-28.67-.4-39.48 5.17-.53-3.95-.65-7.99.08-12.11zm70.47 198.76c-55.68-9.79-93.52-59.27-89.04-112.9 20.6 25.54 56.21 46.17 99.49 53.78 43.28 7.61 83.82.37 111.93-16.6-14.18 51.94-66.71 85.51-122.38 75.72zm130.3-151.34c-8.25-8.91-20.68-15.75-35.33-18.32-14.65-2.58-28.67-.4-39.48 5.17-.52-3.94-.64-7.98.09-12.1 3.84-21.7 24.58-36.19 46.34-32.37 21.75 3.83 36.28 24.52 32.45 46.22-.73 4.13-2.23 7.88-4.07 11.4z\"><\/path><\/svg>\t\t\t<\/span>\n\t\t\t\t\t\t\t\t\t<span class=\"elementor-button-text\">Extracurriculares<\/span>\n\t\t\t\t\t<\/span>\n\t\t\t\t\t<\/a>\n\t\t\t\t<\/div>\n\t\t\t\t\t\t\t\t<\/div>\n\t\t\t\t<\/div>\n\t\t\t\t\t<\/div>\n\t\t\t\t<\/div>\n\t\t\t\t<\/div>\n\t\t\t\t<\/div>\n\t\t\t\t<\/div>\n\t\t<div class=\"elementor-element elementor-element-5d825da e-flex e-con-boxed e-con e-parent\" data-id=\"5d825da\" data-element_type=\"container\" data-e-type=\"container\">\n\t\t\t\t\t<div class=\"e-con-inner\">\n\t\t\t\t\t<\/div>\n\t\t\t\t<\/div>\n\t\t\t\t<\/div>\n\t\t","protected":false},"excerpt":{"rendered":"<p>Descarga aqu\u00ed el Calendario Escolar 25-26 Siguientes pasos L\u00ednea Amiga Cambridge Admisiones Extracurriculares<\/p>\n","protected":false},"author":14,"featured_media":0,"parent":0,"menu_order":0,"comment_status":"closed","ping_status":"closed","template":"elementor_header_footer","meta":{"_acf_changed":false,"content-type":"","footnotes":""},"class_list":["post-2078","page","type-page","status-publish","hentry"],"acf":[],"yoast_head":"<!-- This site is optimized with the Yoast SEO plugin v27.1.1 - https:\/\/yoast.com\/product\/yoast-seo-wordpress\/ -->\n<title>Calendario acad\u00e9mico - New Cambridge School Cali | Colegios Redcol<\/title>\n<meta name=\"robots\" content=\"index, follow, max-snippet:-1, max-image-preview:large, max-video-preview:-1\" \/>\n<link rel=\"canonical\" href=\"https:\/\/cambridgecali.edu.co\/es\/calendario-academico\/\" \/>\n<meta property=\"og:locale\" content=\"es_ES\" \/>\n<meta property=\"og:type\" content=\"article\" \/>\n<meta property=\"og:title\" content=\"Calendario acad\u00e9mico - New Cambridge School Cali | Colegios Redcol\" \/>\n<meta property=\"og:description\" content=\"Descarga aqu\u00ed el Calendario Escolar 25-26 Siguientes pasos L\u00ednea Amiga Cambridge Admisiones Extracurriculares\" \/>\n<meta property=\"og:url\" content=\"https:\/\/cambridgecali.edu.co\/es\/calendario-academico\/\" \/>\n<meta property=\"og:site_name\" content=\"New Cambridge School Cali | Colegios Redcol\" \/>\n<meta property=\"article:publisher\" content=\"https:\/\/www.facebook.com\/newcambridgeschoolcali\/\" \/>\n<meta property=\"article:modified_time\" content=\"2025-10-23T20:31:09+00:00\" \/>\n<meta property=\"og:image\" content=\"https:\/\/cambridgecali.edu.co\/wp-content\/uploads\/sites\/32\/2025\/02\/calendario.png?w=2048\" \/>\n<meta name=\"twitter:card\" content=\"summary_large_image\" \/>\n<meta name=\"twitter:label1\" content=\"Tiempo de lectura\" \/>\n\t<meta name=\"twitter:data1\" content=\"1 minuto\" \/>\n<script type=\"application\/ld+json\" class=\"yoast-schema-graph\">{\"@context\":\"https:\/\/schema.org\",\"@graph\":[{\"@type\":\"WebPage\",\"@id\":\"https:\/\/cambridgecali.edu.co\/es\/calendario-academico\/\",\"url\":\"https:\/\/cambridgecali.edu.co\/es\/calendario-academico\/\",\"name\":\"Calendario acad\u00e9mico - New Cambridge School Cali | Colegios Redcol\",\"isPartOf\":{\"@id\":\"https:\/\/cambridgecali.edu.co\/es\/#website\"},\"primaryImageOfPage\":{\"@id\":\"https:\/\/cambridgecali.edu.co\/es\/calendario-academico\/#primaryimage\"},\"image\":{\"@id\":\"https:\/\/cambridgecali.edu.co\/es\/calendario-academico\/#primaryimage\"},\"thumbnailUrl\":\"https:\/\/cambridgecali.edu.co\/wp-content\/uploads\/sites\/32\/2025\/02\/calendario.png?w=2048\",\"datePublished\":\"2024-10-28T17:14:06+00:00\",\"dateModified\":\"2025-10-23T20:31:09+00:00\",\"breadcrumb\":{\"@id\":\"https:\/\/cambridgecali.edu.co\/es\/calendario-academico\/#breadcrumb\"},\"inLanguage\":\"es\",\"potentialAction\":[{\"@type\":\"ReadAction\",\"target\":[\"https:\/\/cambridgecali.edu.co\/es\/calendario-academico\/\"]}]},{\"@type\":\"ImageObject\",\"inLanguage\":\"es\",\"@id\":\"https:\/\/cambridgecali.edu.co\/es\/calendario-academico\/#primaryimage\",\"url\":\"https:\/\/cambridgecali.edu.co\/wp-content\/uploads\/sites\/32\/2025\/02\/calendario.png?w=2048\",\"contentUrl\":\"https:\/\/cambridgecali.edu.co\/wp-content\/uploads\/sites\/32\/2025\/02\/calendario.png?w=2048\"},{\"@type\":\"BreadcrumbList\",\"@id\":\"https:\/\/cambridgecali.edu.co\/es\/calendario-academico\/#breadcrumb\",\"itemListElement\":[{\"@type\":\"ListItem\",\"position\":1,\"name\":\"Home\",\"item\":\"https:\/\/cambridgecali.edu.co\/es\/\"},{\"@type\":\"ListItem\",\"position\":2,\"name\":\"Calendario acad\u00e9mico\"}]},{\"@type\":\"WebSite\",\"@id\":\"https:\/\/cambridgecali.edu.co\/es\/#website\",\"url\":\"https:\/\/cambridgecali.edu.co\/es\/\",\"name\":\"New Cambridge School Cali | Colegios Redcol\",\"description\":\"Somos un colegio de alta calidad acad\u00e9mica que busca formar ciudadanos con responsabilidad social, mentalidad internacional y alto nivel de biling\u00fcismo\",\"publisher\":{\"@id\":\"https:\/\/cambridgecali.edu.co\/es\/#organization\"},\"potentialAction\":[{\"@type\":\"SearchAction\",\"target\":{\"@type\":\"EntryPoint\",\"urlTemplate\":\"https:\/\/cambridgecali.edu.co\/es\/?s={search_term_string}\"},\"query-input\":{\"@type\":\"PropertyValueSpecification\",\"valueRequired\":true,\"valueName\":\"search_term_string\"}}],\"inLanguage\":\"es\"},{\"@type\":\"Organization\",\"@id\":\"https:\/\/cambridgecali.edu.co\/es\/#organization\",\"name\":\"New Cambridge School Cali | Colegios Redcol\",\"url\":\"https:\/\/cambridgecali.edu.co\/es\/\",\"logo\":{\"@type\":\"ImageObject\",\"inLanguage\":\"es\",\"@id\":\"https:\/\/cambridgecali.edu.co\/es\/#\/schema\/logo\/image\/\",\"url\":\"https:\/\/cambridgecali.edu.co\/wp-content\/uploads\/sites\/32\/2025\/02\/Logos-cambrigecali_Colegio-6.png\",\"contentUrl\":\"https:\/\/cambridgecali.edu.co\/wp-content\/uploads\/sites\/32\/2025\/02\/Logos-cambrigecali_Colegio-6.png\",\"width\":1000,\"height\":485,\"caption\":\"New Cambridge School Cali | Colegios Redcol\"},\"image\":{\"@id\":\"https:\/\/cambridgecali.edu.co\/es\/#\/schema\/logo\/image\/\"},\"sameAs\":[\"https:\/\/www.facebook.com\/newcambridgeschoolcali\/\",\"https:\/\/www.instagram.com\/newcambridgeschoolcali\",\"https:\/\/www.youtube.com\/channel\/UCQyXDyzzUF2DpE0IvGo4rYg?view_as=subscriber\"]}]}<\/script>\n<!-- \/ Yoast SEO plugin. -->","yoast_head_json":{"title":"Calendario acad\u00e9mico - New Cambridge School Cali | Colegios Redcol","robots":{"index":"index","follow":"follow","max-snippet":"max-snippet:-1","max-image-preview":"max-image-preview:large","max-video-preview":"max-video-preview:-1"},"canonical":"https:\/\/cambridgecali.edu.co\/es\/calendario-academico\/","og_locale":"es_ES","og_type":"article","og_title":"Calendario acad\u00e9mico - New Cambridge School Cali | Colegios Redcol","og_description":"Descarga aqu\u00ed el Calendario Escolar 25-26 Siguientes pasos L\u00ednea Amiga Cambridge Admisiones Extracurriculares","og_url":"https:\/\/cambridgecali.edu.co\/es\/calendario-academico\/","og_site_name":"New Cambridge School Cali | Colegios Redcol","article_publisher":"https:\/\/www.facebook.com\/newcambridgeschoolcali\/","article_modified_time":"2025-10-23T20:31:09+00:00","og_image":[{"url":"https:\/\/cambridgecali.edu.co\/wp-content\/uploads\/sites\/32\/2025\/02\/calendario.png?w=2048","type":"","width":"","height":""}],"twitter_card":"summary_large_image","twitter_misc":{"Tiempo de lectura":"1 minuto"},"schema":{"@context":"https:\/\/schema.org","@graph":[{"@type":"WebPage","@id":"https:\/\/cambridgecali.edu.co\/es\/calendario-academico\/","url":"https:\/\/cambridgecali.edu.co\/es\/calendario-academico\/","name":"Calendario acad\u00e9mico - New Cambridge School Cali | Colegios Redcol","isPartOf":{"@id":"https:\/\/cambridgecali.edu.co\/es\/#website"},"primaryImageOfPage":{"@id":"https:\/\/cambridgecali.edu.co\/es\/calendario-academico\/#primaryimage"},"image":{"@id":"https:\/\/cambridgecali.edu.co\/es\/calendario-academico\/#primaryimage"},"thumbnailUrl":"https:\/\/cambridgecali.edu.co\/wp-content\/uploads\/sites\/32\/2025\/02\/calendario.png?w=2048","datePublished":"2024-10-28T17:14:06+00:00","dateModified":"2025-10-23T20:31:09+00:00","breadcrumb":{"@id":"https:\/\/cambridgecali.edu.co\/es\/calendario-academico\/#breadcrumb"},"inLanguage":"es","potentialAction":[{"@type":"ReadAction","target":["https:\/\/cambridgecali.edu.co\/es\/calendario-academico\/"]}]},{"@type":"ImageObject","inLanguage":"es","@id":"https:\/\/cambridgecali.edu.co\/es\/calendario-academico\/#primaryimage","url":"https:\/\/cambridgecali.edu.co\/wp-content\/uploads\/sites\/32\/2025\/02\/calendario.png?w=2048","contentUrl":"https:\/\/cambridgecali.edu.co\/wp-content\/uploads\/sites\/32\/2025\/02\/calendario.png?w=2048"},{"@type":"BreadcrumbList","@id":"https:\/\/cambridgecali.edu.co\/es\/calendario-academico\/#breadcrumb","itemListElement":[{"@type":"ListItem","position":1,"name":"Home","item":"https:\/\/cambridgecali.edu.co\/es\/"},{"@type":"ListItem","position":2,"name":"Calendario acad\u00e9mico"}]},{"@type":"WebSite","@id":"https:\/\/cambridgecali.edu.co\/es\/#website","url":"https:\/\/cambridgecali.edu.co\/es\/","name":"New Cambridge School Cali | Colegios Redcol","description":"Somos un colegio de alta calidad acad\u00e9mica que busca formar ciudadanos con responsabilidad social, mentalidad internacional y alto nivel de biling\u00fcismo","publisher":{"@id":"https:\/\/cambridgecali.edu.co\/es\/#organization"},"potentialAction":[{"@type":"SearchAction","target":{"@type":"EntryPoint","urlTemplate":"https:\/\/cambridgecali.edu.co\/es\/?s={search_term_string}"},"query-input":{"@type":"PropertyValueSpecification","valueRequired":true,"valueName":"search_term_string"}}],"inLanguage":"es"},{"@type":"Organization","@id":"https:\/\/cambridgecali.edu.co\/es\/#organization","name":"New Cambridge School Cali | Colegios Redcol","url":"https:\/\/cambridgecali.edu.co\/es\/","logo":{"@type":"ImageObject","inLanguage":"es","@id":"https:\/\/cambridgecali.edu.co\/es\/#\/schema\/logo\/image\/","url":"https:\/\/cambridgecali.edu.co\/wp-content\/uploads\/sites\/32\/2025\/02\/Logos-cambrigecali_Colegio-6.png","contentUrl":"https:\/\/cambridgecali.edu.co\/wp-content\/uploads\/sites\/32\/2025\/02\/Logos-cambrigecali_Colegio-6.png","width":1000,"height":485,"caption":"New Cambridge School Cali | Colegios Redcol"},"image":{"@id":"https:\/\/cambridgecali.edu.co\/es\/#\/schema\/logo\/image\/"},"sameAs":["https:\/\/www.facebook.com\/newcambridgeschoolcali\/","https:\/\/www.instagram.com\/newcambridgeschoolcali","https:\/\/www.youtube.com\/channel\/UCQyXDyzzUF2DpE0IvGo4rYg?view_as=subscriber"]}]}},"jetpack_sharing_enabled":true,"_links":{"self":[{"href":"https:\/\/cambridgecali.edu.co\/es\/wp-json\/wp\/v2\/pages\/2078","targetHints":{"allow":["GET"]}}],"collection":[{"href":"https:\/\/cambridgecali.edu.co\/es\/wp-json\/wp\/v2\/pages"}],"about":[{"href":"https:\/\/cambridgecali.edu.co\/es\/wp-json\/wp\/v2\/types\/page"}],"author":[{"embeddable":true,"href":"https:\/\/cambridgecali.edu.co\/es\/wp-json\/wp\/v2\/users\/14"}],"replies":[{"embeddable":true,"href":"https:\/\/cambridgecali.edu.co\/es\/wp-json\/wp\/v2\/comments?post=2078"}],"version-history":[{"count":20,"href":"https:\/\/cambridgecali.edu.co\/es\/wp-json\/wp\/v2\/pages\/2078\/revisions"}],"predecessor-version":[{"id":131806,"href":"https:\/\/cambridgecali.edu.co\/es\/wp-json\/wp\/v2\/pages\/2078\/revisions\/131806"}],"wp:attachment":[{"href":"https:\/\/cambridgecali.edu.co\/es\/wp-json\/wp\/v2\/media?parent=2078"}],"curies":[{"name":"wp","href":"https:\/\/api.w.org\/{rel}","templated":true}]}}