{"id":126272,"date":"2024-12-18T17:09:53","date_gmt":"2024-12-18T22:09:53","guid":{"rendered":"https:\/\/latam.cognita.network\/gimnorte-v2\/?page_id=126272"},"modified":"2025-11-11T16:12:27","modified_gmt":"2025-11-11T21:12:27","slug":"politicas","status":"publish","type":"page","link":"https:\/\/cambridgecali.edu.co\/es\/politicas\/","title":{"rendered":"Pol\u00edticas"},"content":{"rendered":"\t\t<div data-elementor-type=\"wp-page\" data-elementor-id=\"126272\" class=\"elementor elementor-126272\" data-elementor-post-type=\"page\">\n\t\t\t\t<div class=\"elementor-element elementor-element-10999f19 e-con-full e-flex e-con e-child\" data-id=\"10999f19\" data-element_type=\"container\" data-e-type=\"container\" data-settings=\"{&quot;background_background&quot;:&quot;classic&quot;}\">\n\t\t\t\t<div class=\"elementor-element elementor-element-64596326 elementor-widget elementor-widget-image\" data-id=\"64596326\" data-element_type=\"widget\" data-e-type=\"widget\" data-widget_type=\"image.default\">\n\t\t\t\t<div class=\"elementor-widget-container\">\n\t\t\t\t\t\t\t\t\t\t\t\t\t\t\t<img decoding=\"async\" src=\"https:\/\/cambridgecali.edu.co\/wp-content\/uploads\/sites\/32\/2025\/02\/nuestras-politicas.png?w=2048\" title=\"nuestras politicas\" alt=\"nuestras politicas\" loading=\"lazy\" \/>\t\t\t\t\t\t\t\t\t\t\t\t\t\t\t<\/div>\n\t\t\t\t<\/div>\n\t\t\t\t<\/div>\n\t\t<div class=\"elementor-element elementor-element-ee46959 e-flex e-con-boxed e-con e-parent\" data-id=\"ee46959\" data-element_type=\"container\" data-e-type=\"container\">\n\t\t\t\t\t<div class=\"e-con-inner\">\n\t\t\t\t<div class=\"elementor-element elementor-element-f43d962 elementor-widget elementor-widget-text-editor\" data-id=\"f43d962\" data-element_type=\"widget\" data-e-type=\"widget\" data-widget_type=\"text-editor.default\">\n\t\t\t\t<div class=\"elementor-widget-container\">\n\t\t\t\t\t\t\t\t\t<ul><li><a href=\"https:\/\/cambridgecali.edu.co\/wp-content\/uploads\/sites\/32\/2025\/02\/Politica-de-Tratamiento-de-Datos-Personales-2.pdf\">Pol\u00edtica de Privacidad de Datos Personales<\/a><\/li><li><a href=\"https:\/\/acrobat.adobe.com\/id\/urn:aaid:sc:us:bac599b1-93e6-4df6-ba72-762aca8192f3\" target=\"_blank\" rel=\"noopener\">Manual de convivencia<\/a><\/li><li><a href=\"https:\/\/cambridgecali.edu.co\/wp-content\/uploads\/sites\/32\/2025\/02\/Politica-calidad-y-Objetivos_1_585952.pdf\">Objetivos y Pol\u00edtica de Calidad<\/a><\/li><\/ul>\t\t\t\t\t\t\t\t<\/div>\n\t\t\t\t<\/div>\n\t\t\t\t\t<\/div>\n\t\t\t\t<\/div>\n\t\t<div class=\"elementor-element elementor-element-9b7015b e-con-full e-flex e-con e-parent\" data-id=\"9b7015b\" data-element_type=\"container\" data-e-type=\"container\">\n\t\t<div class=\"elementor-element elementor-element-9a98162 e-con-full e-flex e-con e-child\" data-id=\"9a98162\" data-element_type=\"container\" data-e-type=\"container\" data-settings=\"{&quot;background_background&quot;:&quot;classic&quot;}\">\n\t\t<div class=\"elementor-element elementor-element-a17a918 e-con-full e-flex e-con e-child\" data-id=\"a17a918\" data-element_type=\"container\" data-e-type=\"container\">\n\t\t<div class=\"elementor-element elementor-element-038e7a7 e-flex e-con-boxed e-con e-child\" data-id=\"038e7a7\" data-element_type=\"container\" data-e-type=\"container\">\n\t\t\t\t\t<div class=\"e-con-inner\">\n\t\t\t\t<div class=\"elementor-element elementor-element-c1445cc elementor-widget elementor-widget-heading\" data-id=\"c1445cc\" data-element_type=\"widget\" data-e-type=\"widget\" data-widget_type=\"heading.default\">\n\t\t\t\t<div class=\"elementor-widget-container\">\n\t\t\t\t\t<h2 class=\"elementor-heading-title elementor-size-default\">Siguientes pasos<\/h2>\t\t\t\t<\/div>\n\t\t\t\t<\/div>\n\t\t<div class=\"elementor-element elementor-element-8225728 e-con-full e-flex e-con e-child\" data-id=\"8225728\" data-element_type=\"container\" data-e-type=\"container\" data-settings=\"{&quot;background_background&quot;:&quot;classic&quot;}\">\n\t\t\t\t<div class=\"elementor-element elementor-element-c5af470 elementor-align-center elementor-widget__width-inherit elementor-widget elementor-widget-button\" data-id=\"c5af470\" data-element_type=\"widget\" data-e-type=\"widget\" data-widget_type=\"button.default\">\n\t\t\t\t<div class=\"elementor-widget-container\">\n\t\t\t\t\t\t\t\t\t<div class=\"elementor-button-wrapper\">\n\t\t\t\t\t<a class=\"elementor-button elementor-button-link elementor-size-xl\" href=\"https:\/\/cambridgecali.edu.co\/es\/linea-amiga-pqrsf\/\">\n\t\t\t\t\t\t<span class=\"elementor-button-content-wrapper\">\n\t\t\t\t\t\t<span class=\"elementor-button-icon\">\n\t\t\t\t<svg aria-hidden=\"true\" class=\"e-font-icon-svg e-fas-user-friends\" viewBox=\"0 0 640 512\" xmlns=\"http:\/\/www.w3.org\/2000\/svg\"><path d=\"M192 256c61.9 0 112-50.1 112-112S253.9 32 192 32 80 82.1 80 144s50.1 112 112 112zm76.8 32h-8.3c-20.8 10-43.9 16-68.5 16s-47.6-6-68.5-16h-8.3C51.6 288 0 339.6 0 403.2V432c0 26.5 21.5 48 48 48h288c26.5 0 48-21.5 48-48v-28.8c0-63.6-51.6-115.2-115.2-115.2zM480 256c53 0 96-43 96-96s-43-96-96-96-96 43-96 96 43 96 96 96zm48 32h-3.8c-13.9 4.8-28.6 8-44.2 8s-30.3-3.2-44.2-8H432c-20.4 0-39.2 5.9-55.7 15.4 24.4 26.3 39.7 61.2 39.7 99.8v38.4c0 2.2-.5 4.3-.6 6.4H592c26.5 0 48-21.5 48-48 0-61.9-50.1-112-112-112z\"><\/path><\/svg>\t\t\t<\/span>\n\t\t\t\t\t\t\t\t\t<span class=\"elementor-button-text\">L\u00ednea Amiga Cambridge<\/span>\n\t\t\t\t\t<\/span>\n\t\t\t\t\t<\/a>\n\t\t\t\t<\/div>\n\t\t\t\t\t\t\t\t<\/div>\n\t\t\t\t<\/div>\n\t\t\t\t<div class=\"elementor-element elementor-element-d31c9d2 elementor-align-center elementor-widget__width-inherit elementor-widget elementor-widget-button\" data-id=\"d31c9d2\" data-element_type=\"widget\" data-e-type=\"widget\" data-widget_type=\"button.default\">\n\t\t\t\t<div class=\"elementor-widget-container\">\n\t\t\t\t\t\t\t\t\t<div class=\"elementor-button-wrapper\">\n\t\t\t\t\t<a class=\"elementor-button elementor-button-link elementor-size-xl\" href=\"https:\/\/cambridgecali.edu.co\/es\/admisiones\/\">\n\t\t\t\t\t\t<span class=\"elementor-button-content-wrapper\">\n\t\t\t\t\t\t<span class=\"elementor-button-icon\">\n\t\t\t\t<svg aria-hidden=\"true\" class=\"e-font-icon-svg e-fas-user-friends\" viewBox=\"0 0 640 512\" xmlns=\"http:\/\/www.w3.org\/2000\/svg\"><path d=\"M192 256c61.9 0 112-50.1 112-112S253.9 32 192 32 80 82.1 80 144s50.1 112 112 112zm76.8 32h-8.3c-20.8 10-43.9 16-68.5 16s-47.6-6-68.5-16h-8.3C51.6 288 0 339.6 0 403.2V432c0 26.5 21.5 48 48 48h288c26.5 0 48-21.5 48-48v-28.8c0-63.6-51.6-115.2-115.2-115.2zM480 256c53 0 96-43 96-96s-43-96-96-96-96 43-96 96 43 96 96 96zm48 32h-3.8c-13.9 4.8-28.6 8-44.2 8s-30.3-3.2-44.2-8H432c-20.4 0-39.2 5.9-55.7 15.4 24.4 26.3 39.7 61.2 39.7 99.8v38.4c0 2.2-.5 4.3-.6 6.4H592c26.5 0 48-21.5 48-48 0-61.9-50.1-112-112-112z\"><\/path><\/svg>\t\t\t<\/span>\n\t\t\t\t\t\t\t\t\t<span class=\"elementor-button-text\">Admisiones<\/span>\n\t\t\t\t\t<\/span>\n\t\t\t\t\t<\/a>\n\t\t\t\t<\/div>\n\t\t\t\t\t\t\t\t<\/div>\n\t\t\t\t<\/div>\n\t\t\t\t<div class=\"elementor-element elementor-element-963fd30 elementor-align-center elementor-widget__width-inherit elementor-widget elementor-widget-button\" data-id=\"963fd30\" data-element_type=\"widget\" data-e-type=\"widget\" data-widget_type=\"button.default\">\n\t\t\t\t<div class=\"elementor-widget-container\">\n\t\t\t\t\t\t\t\t\t<div class=\"elementor-button-wrapper\">\n\t\t\t\t\t<a class=\"elementor-button elementor-button-link elementor-size-xl\" href=\"https:\/\/cambridgecali.edu.co\/es\/actividades-extracurriculares\/\">\n\t\t\t\t\t\t<span class=\"elementor-button-content-wrapper\">\n\t\t\t\t\t\t<span class=\"elementor-button-icon\">\n\t\t\t\t<svg aria-hidden=\"true\" class=\"e-font-icon-svg e-fas-user-friends\" viewBox=\"0 0 640 512\" xmlns=\"http:\/\/www.w3.org\/2000\/svg\"><path d=\"M192 256c61.9 0 112-50.1 112-112S253.9 32 192 32 80 82.1 80 144s50.1 112 112 112zm76.8 32h-8.3c-20.8 10-43.9 16-68.5 16s-47.6-6-68.5-16h-8.3C51.6 288 0 339.6 0 403.2V432c0 26.5 21.5 48 48 48h288c26.5 0 48-21.5 48-48v-28.8c0-63.6-51.6-115.2-115.2-115.2zM480 256c53 0 96-43 96-96s-43-96-96-96-96 43-96 96 43 96 96 96zm48 32h-3.8c-13.9 4.8-28.6 8-44.2 8s-30.3-3.2-44.2-8H432c-20.4 0-39.2 5.9-55.7 15.4 24.4 26.3 39.7 61.2 39.7 99.8v38.4c0 2.2-.5 4.3-.6 6.4H592c26.5 0 48-21.5 48-48 0-61.9-50.1-112-112-112z\"><\/path><\/svg>\t\t\t<\/span>\n\t\t\t\t\t\t\t\t\t<span class=\"elementor-button-text\">Extracurriculares<\/span>\n\t\t\t\t\t<\/span>\n\t\t\t\t\t<\/a>\n\t\t\t\t<\/div>\n\t\t\t\t\t\t\t\t<\/div>\n\t\t\t\t<\/div>\n\t\t\t\t<\/div>\n\t\t\t\t\t<\/div>\n\t\t\t\t<\/div>\n\t\t\t\t<\/div>\n\t\t\t\t<\/div>\n\t\t\t\t<\/div>\n\t\t\t\t<\/div>\n\t\t","protected":false},"excerpt":{"rendered":"<p>Pol\u00edtica de Privacidad de Datos Personales Manual de convivencia Objetivos y Pol\u00edtica de Calidad Siguientes pasos L\u00ednea Amiga Cambridge Admisiones Extracurriculares<\/p>\n","protected":false},"author":14,"featured_media":0,"parent":0,"menu_order":0,"comment_status":"closed","ping_status":"closed","template":"elementor_header_footer","meta":{"_acf_changed":false,"content-type":"","footnotes":""},"class_list":["post-126272","page","type-page","status-publish","hentry"],"acf":[],"yoast_head":"<!-- This site is optimized with the Yoast SEO plugin v27.1.1 - https:\/\/yoast.com\/product\/yoast-seo-wordpress\/ -->\n<title>Pol\u00edticas - New Cambridge School Cali | Colegios Redcol<\/title>\n<meta name=\"robots\" content=\"index, follow, max-snippet:-1, max-image-preview:large, max-video-preview:-1\" \/>\n<link rel=\"canonical\" href=\"https:\/\/cambridgecali.edu.co\/es\/politicas\/\" \/>\n<meta property=\"og:locale\" content=\"es_ES\" \/>\n<meta property=\"og:type\" content=\"article\" \/>\n<meta property=\"og:title\" content=\"Pol\u00edticas - New Cambridge School Cali | Colegios Redcol\" \/>\n<meta property=\"og:description\" content=\"Pol\u00edtica de Privacidad de Datos Personales Manual de convivencia Objetivos y Pol\u00edtica de Calidad Siguientes pasos L\u00ednea Amiga Cambridge Admisiones Extracurriculares\" \/>\n<meta property=\"og:url\" content=\"https:\/\/cambridgecali.edu.co\/es\/politicas\/\" \/>\n<meta property=\"og:site_name\" content=\"New Cambridge School Cali | Colegios Redcol\" \/>\n<meta property=\"article:publisher\" content=\"https:\/\/www.facebook.com\/newcambridgeschoolcali\/\" \/>\n<meta property=\"article:modified_time\" content=\"2025-11-11T21:12:27+00:00\" \/>\n<meta property=\"og:image\" content=\"https:\/\/cambridgecali.edu.co\/wp-content\/uploads\/sites\/32\/2025\/02\/nuestras-politicas.png?w=2048\" \/>\n<meta name=\"twitter:card\" content=\"summary_large_image\" \/>\n<meta name=\"twitter:label1\" content=\"Tiempo de lectura\" \/>\n\t<meta name=\"twitter:data1\" content=\"1 minuto\" \/>\n<script type=\"application\/ld+json\" class=\"yoast-schema-graph\">{\"@context\":\"https:\/\/schema.org\",\"@graph\":[{\"@type\":\"WebPage\",\"@id\":\"https:\/\/cambridgecali.edu.co\/es\/politicas\/\",\"url\":\"https:\/\/cambridgecali.edu.co\/es\/politicas\/\",\"name\":\"Pol\u00edticas - New Cambridge School Cali | Colegios Redcol\",\"isPartOf\":{\"@id\":\"https:\/\/cambridgecali.edu.co\/es\/#website\"},\"primaryImageOfPage\":{\"@id\":\"https:\/\/cambridgecali.edu.co\/es\/politicas\/#primaryimage\"},\"image\":{\"@id\":\"https:\/\/cambridgecali.edu.co\/es\/politicas\/#primaryimage\"},\"thumbnailUrl\":\"https:\/\/cambridgecali.edu.co\/wp-content\/uploads\/sites\/32\/2025\/02\/nuestras-politicas.png?w=2048\",\"datePublished\":\"2024-12-18T22:09:53+00:00\",\"dateModified\":\"2025-11-11T21:12:27+00:00\",\"breadcrumb\":{\"@id\":\"https:\/\/cambridgecali.edu.co\/es\/politicas\/#breadcrumb\"},\"inLanguage\":\"es\",\"potentialAction\":[{\"@type\":\"ReadAction\",\"target\":[\"https:\/\/cambridgecali.edu.co\/es\/politicas\/\"]}]},{\"@type\":\"ImageObject\",\"inLanguage\":\"es\",\"@id\":\"https:\/\/cambridgecali.edu.co\/es\/politicas\/#primaryimage\",\"url\":\"https:\/\/cambridgecali.edu.co\/wp-content\/uploads\/sites\/32\/2025\/02\/nuestras-politicas.png?w=2048\",\"contentUrl\":\"https:\/\/cambridgecali.edu.co\/wp-content\/uploads\/sites\/32\/2025\/02\/nuestras-politicas.png?w=2048\"},{\"@type\":\"BreadcrumbList\",\"@id\":\"https:\/\/cambridgecali.edu.co\/es\/politicas\/#breadcrumb\",\"itemListElement\":[{\"@type\":\"ListItem\",\"position\":1,\"name\":\"Home\",\"item\":\"https:\/\/cambridgecali.edu.co\/es\/\"},{\"@type\":\"ListItem\",\"position\":2,\"name\":\"Pol\u00edticas\"}]},{\"@type\":\"WebSite\",\"@id\":\"https:\/\/cambridgecali.edu.co\/es\/#website\",\"url\":\"https:\/\/cambridgecali.edu.co\/es\/\",\"name\":\"New Cambridge School Cali | Colegios Redcol\",\"description\":\"Somos un colegio de alta calidad acad\u00e9mica que busca formar ciudadanos con responsabilidad social, mentalidad internacional y alto nivel de biling\u00fcismo\",\"publisher\":{\"@id\":\"https:\/\/cambridgecali.edu.co\/es\/#organization\"},\"potentialAction\":[{\"@type\":\"SearchAction\",\"target\":{\"@type\":\"EntryPoint\",\"urlTemplate\":\"https:\/\/cambridgecali.edu.co\/es\/?s={search_term_string}\"},\"query-input\":{\"@type\":\"PropertyValueSpecification\",\"valueRequired\":true,\"valueName\":\"search_term_string\"}}],\"inLanguage\":\"es\"},{\"@type\":\"Organization\",\"@id\":\"https:\/\/cambridgecali.edu.co\/es\/#organization\",\"name\":\"New Cambridge School Cali | Colegios Redcol\",\"url\":\"https:\/\/cambridgecali.edu.co\/es\/\",\"logo\":{\"@type\":\"ImageObject\",\"inLanguage\":\"es\",\"@id\":\"https:\/\/cambridgecali.edu.co\/es\/#\/schema\/logo\/image\/\",\"url\":\"https:\/\/cambridgecali.edu.co\/wp-content\/uploads\/sites\/32\/2025\/02\/Logos-cambrigecali_Colegio-6.png\",\"contentUrl\":\"https:\/\/cambridgecali.edu.co\/wp-content\/uploads\/sites\/32\/2025\/02\/Logos-cambrigecali_Colegio-6.png\",\"width\":1000,\"height\":485,\"caption\":\"New Cambridge School Cali | Colegios Redcol\"},\"image\":{\"@id\":\"https:\/\/cambridgecali.edu.co\/es\/#\/schema\/logo\/image\/\"},\"sameAs\":[\"https:\/\/www.facebook.com\/newcambridgeschoolcali\/\",\"https:\/\/www.instagram.com\/newcambridgeschoolcali\",\"https:\/\/www.youtube.com\/channel\/UCQyXDyzzUF2DpE0IvGo4rYg?view_as=subscriber\"]}]}<\/script>\n<!-- \/ Yoast SEO plugin. -->","yoast_head_json":{"title":"Pol\u00edticas - New Cambridge School Cali | Colegios Redcol","robots":{"index":"index","follow":"follow","max-snippet":"max-snippet:-1","max-image-preview":"max-image-preview:large","max-video-preview":"max-video-preview:-1"},"canonical":"https:\/\/cambridgecali.edu.co\/es\/politicas\/","og_locale":"es_ES","og_type":"article","og_title":"Pol\u00edticas - New Cambridge School Cali | Colegios Redcol","og_description":"Pol\u00edtica de Privacidad de Datos Personales Manual de convivencia Objetivos y Pol\u00edtica de Calidad Siguientes pasos L\u00ednea Amiga Cambridge Admisiones Extracurriculares","og_url":"https:\/\/cambridgecali.edu.co\/es\/politicas\/","og_site_name":"New Cambridge School Cali | Colegios Redcol","article_publisher":"https:\/\/www.facebook.com\/newcambridgeschoolcali\/","article_modified_time":"2025-11-11T21:12:27+00:00","og_image":[{"url":"https:\/\/cambridgecali.edu.co\/wp-content\/uploads\/sites\/32\/2025\/02\/nuestras-politicas.png?w=2048","type":"","width":"","height":""}],"twitter_card":"summary_large_image","twitter_misc":{"Tiempo de lectura":"1 minuto"},"schema":{"@context":"https:\/\/schema.org","@graph":[{"@type":"WebPage","@id":"https:\/\/cambridgecali.edu.co\/es\/politicas\/","url":"https:\/\/cambridgecali.edu.co\/es\/politicas\/","name":"Pol\u00edticas - New Cambridge School Cali | Colegios Redcol","isPartOf":{"@id":"https:\/\/cambridgecali.edu.co\/es\/#website"},"primaryImageOfPage":{"@id":"https:\/\/cambridgecali.edu.co\/es\/politicas\/#primaryimage"},"image":{"@id":"https:\/\/cambridgecali.edu.co\/es\/politicas\/#primaryimage"},"thumbnailUrl":"https:\/\/cambridgecali.edu.co\/wp-content\/uploads\/sites\/32\/2025\/02\/nuestras-politicas.png?w=2048","datePublished":"2024-12-18T22:09:53+00:00","dateModified":"2025-11-11T21:12:27+00:00","breadcrumb":{"@id":"https:\/\/cambridgecali.edu.co\/es\/politicas\/#breadcrumb"},"inLanguage":"es","potentialAction":[{"@type":"ReadAction","target":["https:\/\/cambridgecali.edu.co\/es\/politicas\/"]}]},{"@type":"ImageObject","inLanguage":"es","@id":"https:\/\/cambridgecali.edu.co\/es\/politicas\/#primaryimage","url":"https:\/\/cambridgecali.edu.co\/wp-content\/uploads\/sites\/32\/2025\/02\/nuestras-politicas.png?w=2048","contentUrl":"https:\/\/cambridgecali.edu.co\/wp-content\/uploads\/sites\/32\/2025\/02\/nuestras-politicas.png?w=2048"},{"@type":"BreadcrumbList","@id":"https:\/\/cambridgecali.edu.co\/es\/politicas\/#breadcrumb","itemListElement":[{"@type":"ListItem","position":1,"name":"Home","item":"https:\/\/cambridgecali.edu.co\/es\/"},{"@type":"ListItem","position":2,"name":"Pol\u00edticas"}]},{"@type":"WebSite","@id":"https:\/\/cambridgecali.edu.co\/es\/#website","url":"https:\/\/cambridgecali.edu.co\/es\/","name":"New Cambridge School Cali | Colegios Redcol","description":"Somos un colegio de alta calidad acad\u00e9mica que busca formar ciudadanos con responsabilidad social, mentalidad internacional y alto nivel de biling\u00fcismo","publisher":{"@id":"https:\/\/cambridgecali.edu.co\/es\/#organization"},"potentialAction":[{"@type":"SearchAction","target":{"@type":"EntryPoint","urlTemplate":"https:\/\/cambridgecali.edu.co\/es\/?s={search_term_string}"},"query-input":{"@type":"PropertyValueSpecification","valueRequired":true,"valueName":"search_term_string"}}],"inLanguage":"es"},{"@type":"Organization","@id":"https:\/\/cambridgecali.edu.co\/es\/#organization","name":"New Cambridge School Cali | Colegios Redcol","url":"https:\/\/cambridgecali.edu.co\/es\/","logo":{"@type":"ImageObject","inLanguage":"es","@id":"https:\/\/cambridgecali.edu.co\/es\/#\/schema\/logo\/image\/","url":"https:\/\/cambridgecali.edu.co\/wp-content\/uploads\/sites\/32\/2025\/02\/Logos-cambrigecali_Colegio-6.png","contentUrl":"https:\/\/cambridgecali.edu.co\/wp-content\/uploads\/sites\/32\/2025\/02\/Logos-cambrigecali_Colegio-6.png","width":1000,"height":485,"caption":"New Cambridge School Cali | Colegios Redcol"},"image":{"@id":"https:\/\/cambridgecali.edu.co\/es\/#\/schema\/logo\/image\/"},"sameAs":["https:\/\/www.facebook.com\/newcambridgeschoolcali\/","https:\/\/www.instagram.com\/newcambridgeschoolcali","https:\/\/www.youtube.com\/channel\/UCQyXDyzzUF2DpE0IvGo4rYg?view_as=subscriber"]}]}},"jetpack_sharing_enabled":true,"_links":{"self":[{"href":"https:\/\/cambridgecali.edu.co\/es\/wp-json\/wp\/v2\/pages\/126272","targetHints":{"allow":["GET"]}}],"collection":[{"href":"https:\/\/cambridgecali.edu.co\/es\/wp-json\/wp\/v2\/pages"}],"about":[{"href":"https:\/\/cambridgecali.edu.co\/es\/wp-json\/wp\/v2\/types\/page"}],"author":[{"embeddable":true,"href":"https:\/\/cambridgecali.edu.co\/es\/wp-json\/wp\/v2\/users\/14"}],"replies":[{"embeddable":true,"href":"https:\/\/cambridgecali.edu.co\/es\/wp-json\/wp\/v2\/comments?post=126272"}],"version-history":[{"count":20,"href":"https:\/\/cambridgecali.edu.co\/es\/wp-json\/wp\/v2\/pages\/126272\/revisions"}],"predecessor-version":[{"id":131863,"href":"https:\/\/cambridgecali.edu.co\/es\/wp-json\/wp\/v2\/pages\/126272\/revisions\/131863"}],"wp:attachment":[{"href":"https:\/\/cambridgecali.edu.co\/es\/wp-json\/wp\/v2\/media?parent=126272"}],"curies":[{"name":"wp","href":"https:\/\/api.w.org\/{rel}","templated":true}]}}