{"id":122632,"date":"2024-10-25T16:02:28","date_gmt":"2024-10-25T21:02:28","guid":{"rendered":"https:\/\/latam.cognita.network\/vermontmedellin-v2\/?page_id=122632"},"modified":"2025-02-04T22:46:54","modified_gmt":"2025-02-05T03:46:54","slug":"vida-sin-riesgos","status":"publish","type":"page","link":"https:\/\/cambridgecali.edu.co\/es\/polizas-escolares\/vida-sin-riesgos\/","title":{"rendered":"Vida Sin Riesgos"},"content":{"rendered":"\t\t<div data-elementor-type=\"wp-page\" data-elementor-id=\"122632\" class=\"elementor elementor-122632\" data-elementor-post-type=\"page\">\n\t\t\t\t<div class=\"elementor-element elementor-element-3303c810 e-con-full e-flex e-con e-child\" data-id=\"3303c810\" data-element_type=\"container\" data-e-type=\"container\" data-settings=\"{&quot;background_background&quot;:&quot;classic&quot;}\">\n\t\t\t\t<div class=\"elementor-element elementor-element-2bd991ff elementor-widget elementor-widget-image\" data-id=\"2bd991ff\" data-element_type=\"widget\" data-e-type=\"widget\" data-widget_type=\"image.default\">\n\t\t\t\t<div class=\"elementor-widget-container\">\n\t\t\t\t\t\t\t\t\t\t\t\t\t\t\t<img decoding=\"async\" src=\"https:\/\/cambridgecali.edu.co\/wp-content\/uploads\/sites\/32\/2025\/02\/vida-sin-riesgos.png?w=2048\" title=\"vida sin riesgos\" alt=\"vida sin riesgos\" loading=\"lazy\" \/>\t\t\t\t\t\t\t\t\t\t\t\t\t\t\t<\/div>\n\t\t\t\t<\/div>\n\t\t\t\t<\/div>\n\t\t<div class=\"elementor-element elementor-element-4c1939b7 e-flex e-con-boxed e-con e-parent\" data-id=\"4c1939b7\" data-element_type=\"container\" data-e-type=\"container\">\n\t\t\t\t\t<div class=\"e-con-inner\">\n\t\t<div class=\"elementor-element elementor-element-48635df6 e-con-full e-flex e-con e-child\" data-id=\"48635df6\" data-element_type=\"container\" data-e-type=\"container\">\n\t\t<div class=\"elementor-element elementor-element-702ca4f4 e-con-full e-flex e-con e-child\" data-id=\"702ca4f4\" data-element_type=\"container\" data-e-type=\"container\">\n\t\t<div class=\"elementor-element elementor-element-355d1c56 e-con-full e-flex e-con e-child\" data-id=\"355d1c56\" data-element_type=\"container\" data-e-type=\"container\">\n\t\t\t\t<div class=\"elementor-element elementor-element-4da01167 elementor-widget elementor-widget-heading\" data-id=\"4da01167\" data-element_type=\"widget\" data-e-type=\"widget\" data-widget_type=\"heading.default\">\n\t\t\t\t<div class=\"elementor-widget-container\">\n\t\t\t\t\t<h1 class=\"elementor-heading-title elementor-size-default\">Vida sin riesgos\n<\/h1>\t\t\t\t<\/div>\n\t\t\t\t<\/div>\n\t\t\t\t<div class=\"elementor-element elementor-element-13529f64 elementor-widget elementor-widget-text-editor\" data-id=\"13529f64\" data-element_type=\"widget\" data-e-type=\"widget\" data-widget_type=\"text-editor.default\">\n\t\t\t\t<div class=\"elementor-widget-container\">\n\t\t\t\t\t\t\t\t\t<p>Nuestra p\u00f3liza garantiza a la familia que, ante el diagn\u00f3stico de alguna de las enfermedades graves del contratante especificadas en los t\u00e9rminos y condiciones, el estudiante del asegurado recibir\u00e1 el pago de los costos educativos generados durante su vinculaci\u00f3n, hasta un m\u00e1ximo de $25.000.000 (CAL B). Este beneficio se aplica a cualquiera de los colegios que forman parte de Redcol a nivel nacional.<\/p>\t\t\t\t\t\t\t\t<\/div>\n\t\t\t\t<\/div>\n\t\t\t\t<\/div>\n\t\t<div class=\"elementor-element elementor-element-77ad8e84 e-con-full e-flex e-con e-child\" data-id=\"77ad8e84\" data-element_type=\"container\" data-e-type=\"container\">\n\t\t\t\t<div class=\"elementor-element elementor-element-3f93fd6 elementor-widget elementor-widget-image\" data-id=\"3f93fd6\" data-element_type=\"widget\" data-e-type=\"widget\" data-widget_type=\"image.default\">\n\t\t\t\t<div class=\"elementor-widget-container\">\n\t\t\t\t\t\t\t\t\t\t\t\t\t\t\t<img decoding=\"async\" src=\"https:\/\/cambridgecali.edu.co\/wp-content\/uploads\/sites\/32\/2025\/01\/MG_2807.jpg?w=640\" title=\"_MG_2807\" alt=\"_MG_2807\" loading=\"lazy\" \/>\t\t\t\t\t\t\t\t\t\t\t\t\t\t\t<\/div>\n\t\t\t\t<\/div>\n\t\t\t\t<\/div>\n\t\t\t\t<\/div>\n\t\t\t\t<\/div>\n\t\t\t\t\t<\/div>\n\t\t\t\t<\/div>\n\t\t<div class=\"elementor-element elementor-element-93eeeaa e-con-full e-flex e-con e-parent\" data-id=\"93eeeaa\" data-element_type=\"container\" data-e-type=\"container\" data-settings=\"{&quot;background_background&quot;:&quot;classic&quot;}\">\n\t\t<div class=\"elementor-element elementor-element-35b22e81 e-flex e-con-boxed e-con e-child\" data-id=\"35b22e81\" data-element_type=\"container\" data-e-type=\"container\">\n\t\t\t\t\t<div class=\"e-con-inner\">\n\t\t<div class=\"elementor-element elementor-element-77cca3ec e-flex e-con-boxed e-con e-child\" data-id=\"77cca3ec\" data-element_type=\"container\" data-e-type=\"container\">\n\t\t\t\t\t<div class=\"e-con-inner\">\n\t\t\t\t<div class=\"elementor-element elementor-element-4539d50 elementor-widget elementor-widget-heading\" data-id=\"4539d50\" data-element_type=\"widget\" data-e-type=\"widget\" data-widget_type=\"heading.default\">\n\t\t\t\t<div class=\"elementor-widget-container\">\n\t\t\t\t\t<h2 class=\"elementor-heading-title elementor-size-default\">Nuestra sede<\/h2>\t\t\t\t<\/div>\n\t\t\t\t<\/div>\n\t\t\t\t\t<\/div>\n\t\t\t\t<\/div>\n\t\t<div class=\"elementor-element elementor-element-1c8914f1 animated-fast e-con-full e-flex e-con e-child\" data-id=\"1c8914f1\" data-element_type=\"container\" data-e-type=\"container\" data-settings=\"{&quot;animation_delay&quot;:&quot;800&quot;,&quot;animation&quot;:&quot;none&quot;}\">\n\t\t<div class=\"elementor-element elementor-element-61295bcc animated-slow e-con-full e-flex e-con e-child\" data-id=\"61295bcc\" data-element_type=\"container\" data-e-type=\"container\" data-settings=\"{&quot;background_background&quot;:&quot;classic&quot;,&quot;animation&quot;:&quot;none&quot;}\">\n\t\t\t\t<div class=\"elementor-element elementor-element-41ee9030 elementor-widget elementor-widget-heading\" data-id=\"41ee9030\" data-element_type=\"widget\" data-e-type=\"widget\" data-widget_type=\"heading.default\">\n\t\t\t\t<div class=\"elementor-widget-container\">\n\t\t\t\t\t<h3 class=\"elementor-heading-title elementor-size-default\">T\u00e9rminos y condiciones <\/h3>\t\t\t\t<\/div>\n\t\t\t\t<\/div>\n\t\t\t\t<div class=\"elementor-element elementor-element-48779327 elementor-align-left elementor-widget elementor-widget-button\" data-id=\"48779327\" data-element_type=\"widget\" data-e-type=\"widget\" data-widget_type=\"button.default\">\n\t\t\t\t<div class=\"elementor-widget-container\">\n\t\t\t\t\t\t\t\t\t<div class=\"elementor-button-wrapper\">\n\t\t\t\t\t<a class=\"elementor-button elementor-button-link elementor-size-sm\" href=\"https:\/\/cambridgecali.edu.co\/wp-content\/uploads\/sites\/32\/2025\/02\/Terminos-y-Condiciones-Vida-sin-riesgos.pdf\" target=\"_blank\">\n\t\t\t\t\t\t<span class=\"elementor-button-content-wrapper\">\n\t\t\t\t\t\t\t\t\t<span class=\"elementor-button-text\">M\u00e1s informaci\u00f3n +<\/span>\n\t\t\t\t\t<\/span>\n\t\t\t\t\t<\/a>\n\t\t\t\t<\/div>\n\t\t\t\t\t\t\t\t<\/div>\n\t\t\t\t<\/div>\n\t\t\t\t<\/div>\n\t\t<div class=\"elementor-element elementor-element-8f04458 animated-slow e-con-full e-flex e-con e-child\" data-id=\"8f04458\" data-element_type=\"container\" data-e-type=\"container\" data-settings=\"{&quot;background_background&quot;:&quot;classic&quot;,&quot;animation&quot;:&quot;none&quot;}\">\n\t\t\t\t<div class=\"elementor-element elementor-element-7bfe98a elementor-widget elementor-widget-heading\" data-id=\"7bfe98a\" data-element_type=\"widget\" data-e-type=\"widget\" data-widget_type=\"heading.default\">\n\t\t\t\t<div class=\"elementor-widget-container\">\n\t\t\t\t\t<h3 class=\"elementor-heading-title elementor-size-default\">Inscr\u00edbete<\/h3>\t\t\t\t<\/div>\n\t\t\t\t<\/div>\n\t\t\t\t<div class=\"elementor-element elementor-element-0ccb3df elementor-align-left elementor-widget elementor-widget-button\" data-id=\"0ccb3df\" data-element_type=\"widget\" data-e-type=\"widget\" data-widget_type=\"button.default\">\n\t\t\t\t<div class=\"elementor-widget-container\">\n\t\t\t\t\t\t\t\t\t<div class=\"elementor-button-wrapper\">\n\t\t\t\t\t<a class=\"elementor-button elementor-size-sm\" role=\"button\">\n\t\t\t\t\t\t<span class=\"elementor-button-content-wrapper\">\n\t\t\t\t\t\t\t\t\t<span class=\"elementor-button-text\">Comun\u00edcate con servicioscomplementarios@cambridgecali.edu.co<\/span>\n\t\t\t\t\t<\/span>\n\t\t\t\t\t<\/a>\n\t\t\t\t<\/div>\n\t\t\t\t\t\t\t\t<\/div>\n\t\t\t\t<\/div>\n\t\t\t\t<\/div>\n\t\t\t\t<\/div>\n\t\t\t\t\t<\/div>\n\t\t\t\t<\/div>\n\t\t\t\t<\/div>\n\t\t<div class=\"elementor-element elementor-element-6489e7fa e-con-full e-flex e-con e-parent\" data-id=\"6489e7fa\" data-element_type=\"container\" data-e-type=\"container\" data-settings=\"{&quot;background_background&quot;:&quot;classic&quot;}\">\n\t\t<div class=\"elementor-element elementor-element-689bc7a8 e-con-full e-flex e-con e-child\" data-id=\"689bc7a8\" data-element_type=\"container\" data-e-type=\"container\">\n\t\t<div class=\"elementor-element elementor-element-67e07dab e-flex e-con-boxed e-con e-child\" data-id=\"67e07dab\" data-element_type=\"container\" data-e-type=\"container\">\n\t\t\t\t\t<div class=\"e-con-inner\">\n\t\t\t\t<div class=\"elementor-element elementor-element-7ee37b2f elementor-widget elementor-widget-heading\" data-id=\"7ee37b2f\" data-element_type=\"widget\" data-e-type=\"widget\" data-widget_type=\"heading.default\">\n\t\t\t\t<div class=\"elementor-widget-container\">\n\t\t\t\t\t<h2 class=\"elementor-heading-title elementor-size-default\">Siguientes pasos<\/h2>\t\t\t\t<\/div>\n\t\t\t\t<\/div>\n\t\t<div class=\"elementor-element elementor-element-273b5aac e-con-full e-flex e-con e-child\" data-id=\"273b5aac\" data-element_type=\"container\" data-e-type=\"container\" data-settings=\"{&quot;background_background&quot;:&quot;classic&quot;}\">\n\t\t\t\t<div class=\"elementor-element elementor-element-67ef8c8e elementor-align-center elementor-widget__width-inherit elementor-widget elementor-widget-button\" data-id=\"67ef8c8e\" data-element_type=\"widget\" data-e-type=\"widget\" data-widget_type=\"button.default\">\n\t\t\t\t<div class=\"elementor-widget-container\">\n\t\t\t\t\t\t\t\t\t<div class=\"elementor-button-wrapper\">\n\t\t\t\t\t<a class=\"elementor-button elementor-button-link elementor-size-xl\" href=\"https:\/\/cambridgecali.edu.co\/es\/curriculos-internacionales\/\">\n\t\t\t\t\t\t<span class=\"elementor-button-content-wrapper\">\n\t\t\t\t\t\t<span class=\"elementor-button-icon\">\n\t\t\t\t<svg aria-hidden=\"true\" class=\"e-font-icon-svg e-fas-user-friends\" viewBox=\"0 0 640 512\" xmlns=\"http:\/\/www.w3.org\/2000\/svg\"><path d=\"M192 256c61.9 0 112-50.1 112-112S253.9 32 192 32 80 82.1 80 144s50.1 112 112 112zm76.8 32h-8.3c-20.8 10-43.9 16-68.5 16s-47.6-6-68.5-16h-8.3C51.6 288 0 339.6 0 403.2V432c0 26.5 21.5 48 48 48h288c26.5 0 48-21.5 48-48v-28.8c0-63.6-51.6-115.2-115.2-115.2zM480 256c53 0 96-43 96-96s-43-96-96-96-96 43-96 96 43 96 96 96zm48 32h-3.8c-13.9 4.8-28.6 8-44.2 8s-30.3-3.2-44.2-8H432c-20.4 0-39.2 5.9-55.7 15.4 24.4 26.3 39.7 61.2 39.7 99.8v38.4c0 2.2-.5 4.3-.6 6.4H592c26.5 0 48-21.5 48-48 0-61.9-50.1-112-112-112z\"><\/path><\/svg>\t\t\t<\/span>\n\t\t\t\t\t\t\t\t\t<span class=\"elementor-button-text\">Curr\u00edculos internacionales<\/span>\n\t\t\t\t\t<\/span>\n\t\t\t\t\t<\/a>\n\t\t\t\t<\/div>\n\t\t\t\t\t\t\t\t<\/div>\n\t\t\t\t<\/div>\n\t\t\t\t<div class=\"elementor-element elementor-element-311e0b86 elementor-align-center elementor-widget__width-inherit elementor-widget elementor-widget-button\" data-id=\"311e0b86\" data-element_type=\"widget\" data-e-type=\"widget\" data-widget_type=\"button.default\">\n\t\t\t\t<div class=\"elementor-widget-container\">\n\t\t\t\t\t\t\t\t\t<div class=\"elementor-button-wrapper\">\n\t\t\t\t\t<a class=\"elementor-button elementor-button-link elementor-size-xl\" href=\"#\">\n\t\t\t\t\t\t<span class=\"elementor-button-content-wrapper\">\n\t\t\t\t\t\t<span class=\"elementor-button-icon\">\n\t\t\t\t<svg aria-hidden=\"true\" class=\"e-font-icon-svg e-fas-user-friends\" viewBox=\"0 0 640 512\" xmlns=\"http:\/\/www.w3.org\/2000\/svg\"><path d=\"M192 256c61.9 0 112-50.1 112-112S253.9 32 192 32 80 82.1 80 144s50.1 112 112 112zm76.8 32h-8.3c-20.8 10-43.9 16-68.5 16s-47.6-6-68.5-16h-8.3C51.6 288 0 339.6 0 403.2V432c0 26.5 21.5 48 48 48h288c26.5 0 48-21.5 48-48v-28.8c0-63.6-51.6-115.2-115.2-115.2zM480 256c53 0 96-43 96-96s-43-96-96-96-96 43-96 96 43 96 96 96zm48 32h-3.8c-13.9 4.8-28.6 8-44.2 8s-30.3-3.2-44.2-8H432c-20.4 0-39.2 5.9-55.7 15.4 24.4 26.3 39.7 61.2 39.7 99.8v38.4c0 2.2-.5 4.3-.6 6.4H592c26.5 0 48-21.5 48-48 0-61.9-50.1-112-112-112z\"><\/path><\/svg>\t\t\t<\/span>\n\t\t\t\t\t\t\t\t\t<span class=\"elementor-button-text\">Admisiones<\/span>\n\t\t\t\t\t<\/span>\n\t\t\t\t\t<\/a>\n\t\t\t\t<\/div>\n\t\t\t\t\t\t\t\t<\/div>\n\t\t\t\t<\/div>\n\t\t\t\t<div class=\"elementor-element elementor-element-7288d1f9 elementor-align-center elementor-widget__width-inherit elementor-widget elementor-widget-button\" data-id=\"7288d1f9\" data-element_type=\"widget\" data-e-type=\"widget\" data-widget_type=\"button.default\">\n\t\t\t\t<div class=\"elementor-widget-container\">\n\t\t\t\t\t\t\t\t\t<div class=\"elementor-button-wrapper\">\n\t\t\t\t\t<a class=\"elementor-button elementor-button-link elementor-size-xl\" href=\"https:\/\/cambridgecali.edu.co\/es\/bienestar\/\">\n\t\t\t\t\t\t<span class=\"elementor-button-content-wrapper\">\n\t\t\t\t\t\t<span class=\"elementor-button-icon\">\n\t\t\t\t<svg aria-hidden=\"true\" class=\"e-font-icon-svg e-fas-user-friends\" viewBox=\"0 0 640 512\" xmlns=\"http:\/\/www.w3.org\/2000\/svg\"><path d=\"M192 256c61.9 0 112-50.1 112-112S253.9 32 192 32 80 82.1 80 144s50.1 112 112 112zm76.8 32h-8.3c-20.8 10-43.9 16-68.5 16s-47.6-6-68.5-16h-8.3C51.6 288 0 339.6 0 403.2V432c0 26.5 21.5 48 48 48h288c26.5 0 48-21.5 48-48v-28.8c0-63.6-51.6-115.2-115.2-115.2zM480 256c53 0 96-43 96-96s-43-96-96-96-96 43-96 96 43 96 96 96zm48 32h-3.8c-13.9 4.8-28.6 8-44.2 8s-30.3-3.2-44.2-8H432c-20.4 0-39.2 5.9-55.7 15.4 24.4 26.3 39.7 61.2 39.7 99.8v38.4c0 2.2-.5 4.3-.6 6.4H592c26.5 0 48-21.5 48-48 0-61.9-50.1-112-112-112z\"><\/path><\/svg>\t\t\t<\/span>\n\t\t\t\t\t\t\t\t\t<span class=\"elementor-button-text\">Bienestar<\/span>\n\t\t\t\t\t<\/span>\n\t\t\t\t\t<\/a>\n\t\t\t\t<\/div>\n\t\t\t\t\t\t\t\t<\/div>\n\t\t\t\t<\/div>\n\t\t\t\t<\/div>\n\t\t\t\t\t<\/div>\n\t\t\t\t<\/div>\n\t\t\t\t<\/div>\n\t\t\t\t<\/div>\n\t\t\t\t<\/div>\n\t\t","protected":false},"excerpt":{"rendered":"<p>Vida sin riesgos Nuestra p\u00f3liza garantiza a la familia que, ante el diagn\u00f3stico de alguna de las enfermedades graves del contratante especificadas en los t\u00e9rminos y condiciones, el estudiante del [&hellip;]<\/p>\n","protected":false},"author":14,"featured_media":0,"parent":122438,"menu_order":0,"comment_status":"closed","ping_status":"closed","template":"","meta":{"_acf_changed":false,"content-type":"","footnotes":""},"class_list":["post-122632","page","type-page","status-publish","hentry"],"acf":[],"yoast_head":"<!-- This site is optimized with the Yoast SEO plugin v27.1.1 - https:\/\/yoast.com\/product\/yoast-seo-wordpress\/ -->\n<title>Vida Sin Riesgos - New Cambridge School Cali | Colegios Redcol<\/title>\n<meta name=\"robots\" content=\"index, follow, max-snippet:-1, max-image-preview:large, max-video-preview:-1\" \/>\n<link rel=\"canonical\" href=\"https:\/\/cambridgecali.edu.co\/es\/polizas-escolares\/vida-sin-riesgos\/\" \/>\n<meta property=\"og:locale\" content=\"es_ES\" \/>\n<meta property=\"og:type\" content=\"article\" \/>\n<meta property=\"og:title\" content=\"Vida Sin Riesgos - New Cambridge School Cali | Colegios Redcol\" \/>\n<meta property=\"og:description\" content=\"Vida sin riesgos Nuestra p\u00f3liza garantiza a la familia que, ante el diagn\u00f3stico de alguna de las enfermedades graves del contratante especificadas en los t\u00e9rminos y condiciones, el estudiante del [&hellip;]\" \/>\n<meta property=\"og:url\" content=\"https:\/\/cambridgecali.edu.co\/es\/polizas-escolares\/vida-sin-riesgos\/\" \/>\n<meta property=\"og:site_name\" content=\"New Cambridge School Cali | Colegios Redcol\" \/>\n<meta property=\"article:publisher\" content=\"https:\/\/www.facebook.com\/newcambridgeschoolcali\/\" \/>\n<meta property=\"article:modified_time\" content=\"2025-02-05T03:46:54+00:00\" \/>\n<meta property=\"og:image\" content=\"https:\/\/cambridgecali.edu.co\/wp-content\/uploads\/sites\/32\/2025\/02\/vida-sin-riesgos.png?w=2048\" \/>\n<meta name=\"twitter:card\" content=\"summary_large_image\" \/>\n<meta name=\"twitter:label1\" content=\"Tiempo de lectura\" \/>\n\t<meta name=\"twitter:data1\" content=\"1 minuto\" \/>\n<script type=\"application\/ld+json\" class=\"yoast-schema-graph\">{\"@context\":\"https:\/\/schema.org\",\"@graph\":[{\"@type\":\"WebPage\",\"@id\":\"https:\/\/cambridgecali.edu.co\/es\/polizas-escolares\/vida-sin-riesgos\/\",\"url\":\"https:\/\/cambridgecali.edu.co\/es\/polizas-escolares\/vida-sin-riesgos\/\",\"name\":\"Vida Sin Riesgos - New Cambridge School Cali | Colegios Redcol\",\"isPartOf\":{\"@id\":\"https:\/\/cambridgecali.edu.co\/es\/#website\"},\"primaryImageOfPage\":{\"@id\":\"https:\/\/cambridgecali.edu.co\/es\/polizas-escolares\/vida-sin-riesgos\/#primaryimage\"},\"image\":{\"@id\":\"https:\/\/cambridgecali.edu.co\/es\/polizas-escolares\/vida-sin-riesgos\/#primaryimage\"},\"thumbnailUrl\":\"https:\/\/cambridgecali.edu.co\/wp-content\/uploads\/sites\/32\/2025\/02\/vida-sin-riesgos.png?w=2048\",\"datePublished\":\"2024-10-25T21:02:28+00:00\",\"dateModified\":\"2025-02-05T03:46:54+00:00\",\"breadcrumb\":{\"@id\":\"https:\/\/cambridgecali.edu.co\/es\/polizas-escolares\/vida-sin-riesgos\/#breadcrumb\"},\"inLanguage\":\"es\",\"potentialAction\":[{\"@type\":\"ReadAction\",\"target\":[\"https:\/\/cambridgecali.edu.co\/es\/polizas-escolares\/vida-sin-riesgos\/\"]}]},{\"@type\":\"ImageObject\",\"inLanguage\":\"es\",\"@id\":\"https:\/\/cambridgecali.edu.co\/es\/polizas-escolares\/vida-sin-riesgos\/#primaryimage\",\"url\":\"https:\/\/cambridgecali.edu.co\/wp-content\/uploads\/sites\/32\/2025\/02\/vida-sin-riesgos.png?w=2048\",\"contentUrl\":\"https:\/\/cambridgecali.edu.co\/wp-content\/uploads\/sites\/32\/2025\/02\/vida-sin-riesgos.png?w=2048\"},{\"@type\":\"BreadcrumbList\",\"@id\":\"https:\/\/cambridgecali.edu.co\/es\/polizas-escolares\/vida-sin-riesgos\/#breadcrumb\",\"itemListElement\":[{\"@type\":\"ListItem\",\"position\":1,\"name\":\"Home\",\"item\":\"https:\/\/cambridgecali.edu.co\/es\/\"},{\"@type\":\"ListItem\",\"position\":2,\"name\":\"P\u00f3lizas Escolares\",\"item\":\"https:\/\/cambridgecali.edu.co\/es\/polizas-escolares\/\"},{\"@type\":\"ListItem\",\"position\":3,\"name\":\"Vida Sin Riesgos\"}]},{\"@type\":\"WebSite\",\"@id\":\"https:\/\/cambridgecali.edu.co\/es\/#website\",\"url\":\"https:\/\/cambridgecali.edu.co\/es\/\",\"name\":\"New Cambridge School Cali | Colegios Redcol\",\"description\":\"Somos un colegio de alta calidad acad\u00e9mica que busca formar ciudadanos con responsabilidad social, mentalidad internacional y alto nivel de biling\u00fcismo\",\"publisher\":{\"@id\":\"https:\/\/cambridgecali.edu.co\/es\/#organization\"},\"potentialAction\":[{\"@type\":\"SearchAction\",\"target\":{\"@type\":\"EntryPoint\",\"urlTemplate\":\"https:\/\/cambridgecali.edu.co\/es\/?s={search_term_string}\"},\"query-input\":{\"@type\":\"PropertyValueSpecification\",\"valueRequired\":true,\"valueName\":\"search_term_string\"}}],\"inLanguage\":\"es\"},{\"@type\":\"Organization\",\"@id\":\"https:\/\/cambridgecali.edu.co\/es\/#organization\",\"name\":\"New Cambridge School Cali | Colegios Redcol\",\"url\":\"https:\/\/cambridgecali.edu.co\/es\/\",\"logo\":{\"@type\":\"ImageObject\",\"inLanguage\":\"es\",\"@id\":\"https:\/\/cambridgecali.edu.co\/es\/#\/schema\/logo\/image\/\",\"url\":\"https:\/\/cambridgecali.edu.co\/wp-content\/uploads\/sites\/32\/2025\/02\/Logos-cambrigecali_Colegio-6.png\",\"contentUrl\":\"https:\/\/cambridgecali.edu.co\/wp-content\/uploads\/sites\/32\/2025\/02\/Logos-cambrigecali_Colegio-6.png\",\"width\":1000,\"height\":485,\"caption\":\"New Cambridge School Cali | Colegios Redcol\"},\"image\":{\"@id\":\"https:\/\/cambridgecali.edu.co\/es\/#\/schema\/logo\/image\/\"},\"sameAs\":[\"https:\/\/www.facebook.com\/newcambridgeschoolcali\/\",\"https:\/\/www.instagram.com\/newcambridgeschoolcali\",\"https:\/\/www.youtube.com\/channel\/UCQyXDyzzUF2DpE0IvGo4rYg?view_as=subscriber\"]}]}<\/script>\n<!-- \/ Yoast SEO plugin. -->","yoast_head_json":{"title":"Vida Sin Riesgos - New Cambridge School Cali | Colegios Redcol","robots":{"index":"index","follow":"follow","max-snippet":"max-snippet:-1","max-image-preview":"max-image-preview:large","max-video-preview":"max-video-preview:-1"},"canonical":"https:\/\/cambridgecali.edu.co\/es\/polizas-escolares\/vida-sin-riesgos\/","og_locale":"es_ES","og_type":"article","og_title":"Vida Sin Riesgos - New Cambridge School Cali | Colegios Redcol","og_description":"Vida sin riesgos Nuestra p\u00f3liza garantiza a la familia que, ante el diagn\u00f3stico de alguna de las enfermedades graves del contratante especificadas en los t\u00e9rminos y condiciones, el estudiante del [&hellip;]","og_url":"https:\/\/cambridgecali.edu.co\/es\/polizas-escolares\/vida-sin-riesgos\/","og_site_name":"New Cambridge School Cali | Colegios Redcol","article_publisher":"https:\/\/www.facebook.com\/newcambridgeschoolcali\/","article_modified_time":"2025-02-05T03:46:54+00:00","og_image":[{"url":"https:\/\/cambridgecali.edu.co\/wp-content\/uploads\/sites\/32\/2025\/02\/vida-sin-riesgos.png?w=2048","type":"","width":"","height":""}],"twitter_card":"summary_large_image","twitter_misc":{"Tiempo de lectura":"1 minuto"},"schema":{"@context":"https:\/\/schema.org","@graph":[{"@type":"WebPage","@id":"https:\/\/cambridgecali.edu.co\/es\/polizas-escolares\/vida-sin-riesgos\/","url":"https:\/\/cambridgecali.edu.co\/es\/polizas-escolares\/vida-sin-riesgos\/","name":"Vida Sin Riesgos - New Cambridge School Cali | Colegios Redcol","isPartOf":{"@id":"https:\/\/cambridgecali.edu.co\/es\/#website"},"primaryImageOfPage":{"@id":"https:\/\/cambridgecali.edu.co\/es\/polizas-escolares\/vida-sin-riesgos\/#primaryimage"},"image":{"@id":"https:\/\/cambridgecali.edu.co\/es\/polizas-escolares\/vida-sin-riesgos\/#primaryimage"},"thumbnailUrl":"https:\/\/cambridgecali.edu.co\/wp-content\/uploads\/sites\/32\/2025\/02\/vida-sin-riesgos.png?w=2048","datePublished":"2024-10-25T21:02:28+00:00","dateModified":"2025-02-05T03:46:54+00:00","breadcrumb":{"@id":"https:\/\/cambridgecali.edu.co\/es\/polizas-escolares\/vida-sin-riesgos\/#breadcrumb"},"inLanguage":"es","potentialAction":[{"@type":"ReadAction","target":["https:\/\/cambridgecali.edu.co\/es\/polizas-escolares\/vida-sin-riesgos\/"]}]},{"@type":"ImageObject","inLanguage":"es","@id":"https:\/\/cambridgecali.edu.co\/es\/polizas-escolares\/vida-sin-riesgos\/#primaryimage","url":"https:\/\/cambridgecali.edu.co\/wp-content\/uploads\/sites\/32\/2025\/02\/vida-sin-riesgos.png?w=2048","contentUrl":"https:\/\/cambridgecali.edu.co\/wp-content\/uploads\/sites\/32\/2025\/02\/vida-sin-riesgos.png?w=2048"},{"@type":"BreadcrumbList","@id":"https:\/\/cambridgecali.edu.co\/es\/polizas-escolares\/vida-sin-riesgos\/#breadcrumb","itemListElement":[{"@type":"ListItem","position":1,"name":"Home","item":"https:\/\/cambridgecali.edu.co\/es\/"},{"@type":"ListItem","position":2,"name":"P\u00f3lizas Escolares","item":"https:\/\/cambridgecali.edu.co\/es\/polizas-escolares\/"},{"@type":"ListItem","position":3,"name":"Vida Sin Riesgos"}]},{"@type":"WebSite","@id":"https:\/\/cambridgecali.edu.co\/es\/#website","url":"https:\/\/cambridgecali.edu.co\/es\/","name":"New Cambridge School Cali | Colegios Redcol","description":"Somos un colegio de alta calidad acad\u00e9mica que busca formar ciudadanos con responsabilidad social, mentalidad internacional y alto nivel de biling\u00fcismo","publisher":{"@id":"https:\/\/cambridgecali.edu.co\/es\/#organization"},"potentialAction":[{"@type":"SearchAction","target":{"@type":"EntryPoint","urlTemplate":"https:\/\/cambridgecali.edu.co\/es\/?s={search_term_string}"},"query-input":{"@type":"PropertyValueSpecification","valueRequired":true,"valueName":"search_term_string"}}],"inLanguage":"es"},{"@type":"Organization","@id":"https:\/\/cambridgecali.edu.co\/es\/#organization","name":"New Cambridge School Cali | Colegios Redcol","url":"https:\/\/cambridgecali.edu.co\/es\/","logo":{"@type":"ImageObject","inLanguage":"es","@id":"https:\/\/cambridgecali.edu.co\/es\/#\/schema\/logo\/image\/","url":"https:\/\/cambridgecali.edu.co\/wp-content\/uploads\/sites\/32\/2025\/02\/Logos-cambrigecali_Colegio-6.png","contentUrl":"https:\/\/cambridgecali.edu.co\/wp-content\/uploads\/sites\/32\/2025\/02\/Logos-cambrigecali_Colegio-6.png","width":1000,"height":485,"caption":"New Cambridge School Cali | Colegios Redcol"},"image":{"@id":"https:\/\/cambridgecali.edu.co\/es\/#\/schema\/logo\/image\/"},"sameAs":["https:\/\/www.facebook.com\/newcambridgeschoolcali\/","https:\/\/www.instagram.com\/newcambridgeschoolcali","https:\/\/www.youtube.com\/channel\/UCQyXDyzzUF2DpE0IvGo4rYg?view_as=subscriber"]}]}},"jetpack_sharing_enabled":true,"_links":{"self":[{"href":"https:\/\/cambridgecali.edu.co\/es\/wp-json\/wp\/v2\/pages\/122632","targetHints":{"allow":["GET"]}}],"collection":[{"href":"https:\/\/cambridgecali.edu.co\/es\/wp-json\/wp\/v2\/pages"}],"about":[{"href":"https:\/\/cambridgecali.edu.co\/es\/wp-json\/wp\/v2\/types\/page"}],"author":[{"embeddable":true,"href":"https:\/\/cambridgecali.edu.co\/es\/wp-json\/wp\/v2\/users\/14"}],"replies":[{"embeddable":true,"href":"https:\/\/cambridgecali.edu.co\/es\/wp-json\/wp\/v2\/comments?post=122632"}],"version-history":[{"count":21,"href":"https:\/\/cambridgecali.edu.co\/es\/wp-json\/wp\/v2\/pages\/122632\/revisions"}],"predecessor-version":[{"id":130795,"href":"https:\/\/cambridgecali.edu.co\/es\/wp-json\/wp\/v2\/pages\/122632\/revisions\/130795"}],"up":[{"embeddable":true,"href":"https:\/\/cambridgecali.edu.co\/es\/wp-json\/wp\/v2\/pages\/122438"}],"wp:attachment":[{"href":"https:\/\/cambridgecali.edu.co\/es\/wp-json\/wp\/v2\/media?parent=122632"}],"curies":[{"name":"wp","href":"https:\/\/api.w.org\/{rel}","templated":true}]}}